{"id":1160,"date":"2024-11-28T17:12:57","date_gmt":"2024-11-28T17:12:57","guid":{"rendered":"https:\/\/adria-velebitica.hr\/en\/?page_id=1160"},"modified":"2024-12-15T11:36:15","modified_gmt":"2024-12-15T11:36:15","slug":"about-us","status":"publish","type":"page","link":"https:\/\/adria-velebitica.hr\/en\/about-us\/","title":{"rendered":"About us"},"content":{"rendered":"\t\t<div data-elementor-type=\"wp-page\" data-elementor-id=\"1160\" class=\"elementor elementor-1160\" data-elementor-post-type=\"page\">\n\t\t\t\t<div class=\"elementor-element elementor-element-666b00a e-con-full e-flex e-con e-parent\" data-id=\"666b00a\" data-element_type=\"container\">\n\t\t<div class=\"elementor-element elementor-element-3b67576 e-con-full e-flex e-con e-child\" data-id=\"3b67576\" data-element_type=\"container\" data-settings=\"{&quot;background_background&quot;:&quot;classic&quot;}\">\n\t\t\t\t<\/div>\n\t\t<div class=\"elementor-element elementor-element-3d82c8c e-con-full e-flex e-con e-child\" data-id=\"3d82c8c\" data-element_type=\"container\" data-settings=\"{&quot;background_background&quot;:&quot;classic&quot;}\">\n\t\t\t\t<div class=\"elementor-element elementor-element-0a38e81 elementor-widget elementor-widget-heading\" data-id=\"0a38e81\" data-element_type=\"widget\" data-widget_type=\"heading.default\">\n\t\t\t\t\t<h2 class=\"elementor-heading-title elementor-size-default\">About us<\/h2>\t\t\t\t<\/div>\n\t\t\t\t<div class=\"elementor-element elementor-element-8780571 elementor-widget elementor-widget-text-editor\" data-id=\"8780571\" data-element_type=\"widget\" data-widget_type=\"text-editor.default\">\n\t\t\t\t\t\t\t\t\t<p>The tourist agency Adria Velebitica, based in Rizvanu\u0161a near Gospi\u0107 (Velebit Nature Park), has designed for you attractive adrenaline and adventure programs that you can experience in the beautiful areas of Velebit and Lika and in our\u00a0<strong>Adventure and Excursion Center Rizvan City.<\/strong>.<\/p><p>Our offer is based on\u00a0<strong>team building and incentive programs for companies.<\/strong><br \/>With quality and innovative programs, but also with the beautiful nature that surrounds us, we have attracted and hosted many Croatian and foreign companies.<\/p><p>What makes us special: We can offer you a unique combination of programs at sea and in the mountains. Our location allows us to do that!!<\/p><p>In our offer you can also find\u00a0<strong>activities for students (schools)<\/strong>\u00a0and\u00a0<strong>for groups of individuals (friends, families)<\/strong>\u00a0who want to get to know Lika and Velebit and spend a quality weekend.<\/p><p>Of course, we organize accommodation and food for you as part of the program.<\/p><p>Visit us and experience an unforgettable adventure \u2013 paintball, archery, quad safari, abseiling, trekking, jeep safari, other activities and all this in the area of untouched Velebit and Lika will delight you and your friends.<\/p><p>We want you to visit us, and we guarantee that you will have a good time and experience something new that will remain in your memory for a long time.<\/p>\t\t\t\t\t\t\t\t<\/div>\n\t\t\t\t<\/div>\n\t\t\t\t<\/div>\n\t\t<div class=\"elementor-element elementor-element-e6d6d0f e-flex e-con-boxed e-con e-parent\" data-id=\"e6d6d0f\" data-element_type=\"container\">\n\t\t\t\t\t<div class=\"e-con-inner\">\n\t\t<div class=\"elementor-element elementor-element-516bfb7 e-con-full e-flex e-con e-child\" data-id=\"516bfb7\" data-element_type=\"container\">\n\t\t\t\t<div class=\"elementor-element elementor-element-cb58b0e elementor-widget elementor-widget-text-editor\" data-id=\"cb58b0e\" data-element_type=\"widget\" data-widget_type=\"text-editor.default\">\n\t\t\t\t\t\t\t\t\t<p>In our offer you can also find activities for students (schools) and for groups of individuals (friends, families) who want to get to know Lika and Velebit and spend a quality weekend.<\/p><p>Of course, we organize accommodation and food for you as part of the program.<\/p><p>Visit us and experience an unforgettable adventure \u2013 paintball, archery, quad safari, abseiling, trekking, jeep safari, other activities and all this in the area of untouched Velebit and Lika will delight you and your friends.<\/p><p>We want you to visit us, and we guarantee that you will have a good time and experience something new that will remain in your memory for a long time.<\/p>\t\t\t\t\t\t\t\t<\/div>\n\t\t\t\t<div class=\"elementor-element elementor-element-631fd79 elementor-widget elementor-widget-button\" data-id=\"631fd79\" data-element_type=\"widget\" data-widget_type=\"button.default\">\n\t\t\t\t\t\t\t\t\t\t<a class=\"elementor-button elementor-button-link elementor-size-sm\" href=\"\/en\/contact\/\">\n\t\t\t\t\t\t<span class=\"elementor-button-content-wrapper\">\n\t\t\t\t\t\t\t\t\t<span class=\"elementor-button-text\">Contact us<\/span>\n\t\t\t\t\t<\/span>\n\t\t\t\t\t<\/a>\n\t\t\t\t\t\t\t\t<\/div>\n\t\t\t\t<\/div>\n\t\t<div class=\"elementor-element elementor-element-9e955ed e-con-full e-flex e-con e-child\" data-id=\"9e955ed\" data-element_type=\"container\">\n\t\t\t\t<div class=\"elementor-element elementor-element-bde4f58 elementor-widget elementor-widget-image\" data-id=\"bde4f58\" data-element_type=\"widget\" data-widget_type=\"image.default\">\n\t\t\t\t\t\t\t\t\t\t\t\t\t\t\t<img fetchpriority=\"high\" decoding=\"async\" width=\"1500\" height=\"1000\" src=\"https:\/\/adria-velebitica.hr\/en\/wp-content\/uploads\/2024\/11\/bike1.jpg\" class=\"attachment-large size-large wp-image-1168\" alt=\"Rent a E-bike - Rizvan City\" srcset=\"https:\/\/adria-velebitica.hr\/en\/wp-content\/uploads\/2024\/11\/bike1.jpg 1500w, https:\/\/adria-velebitica.hr\/en\/wp-content\/uploads\/2024\/11\/bike1-768x512.jpg 768w\" sizes=\"(max-width: 1500px) 100vw, 1500px\" \/>\t\t\t\t\t\t\t\t\t\t\t\t\t\t\t<\/div>\n\t\t\t\t<\/div>\n\t\t\t\t\t<\/div>\n\t\t\t\t<\/div>\n\t\t<div class=\"elementor-element elementor-element-4775048 e-con-full e-flex e-con e-parent\" data-id=\"4775048\" data-element_type=\"container\">\n\t\t\t\t<div class=\"elementor-element elementor-element-bca0cd9 elementor-widget elementor-widget-heading\" data-id=\"bca0cd9\" data-element_type=\"widget\" data-widget_type=\"heading.default\">\n\t\t\t\t\t<h2 class=\"elementor-heading-title elementor-size-default\">Our team<\/h2>\t\t\t\t<\/div>\n\t\t\t\t<div class=\"elementor-element elementor-element-217e1db scroll-text e-transform elementor-absolute elementor-hidden-tablet elementor-hidden-mobile elementor-invisible elementor-widget elementor-widget-heading\" data-id=\"217e1db\" data-element_type=\"widget\" data-settings=\"{&quot;motion_fx_motion_fx_scrolling&quot;:&quot;yes&quot;,&quot;motion_fx_translateX_effect&quot;:&quot;yes&quot;,&quot;motion_fx_translateX_speed&quot;:{&quot;unit&quot;:&quot;px&quot;,&quot;size&quot;:10,&quot;sizes&quot;:[]},&quot;_animation&quot;:&quot;fadeIn&quot;,&quot;_transform_translateX_effect&quot;:{&quot;unit&quot;:&quot;px&quot;,&quot;size&quot;:62,&quot;sizes&quot;:[]},&quot;_transform_translateY_effect&quot;:{&quot;unit&quot;:&quot;px&quot;,&quot;size&quot;:0,&quot;sizes&quot;:[]},&quot;_position&quot;:&quot;absolute&quot;,&quot;motion_fx_translateX_affectedRange&quot;:{&quot;unit&quot;:&quot;%&quot;,&quot;size&quot;:&quot;&quot;,&quot;sizes&quot;:{&quot;start&quot;:38,&quot;end&quot;:67}},&quot;motion_fx_devices&quot;:[&quot;desktop&quot;,&quot;tablet&quot;,&quot;mobile&quot;],&quot;_transform_translateX_effect_tablet&quot;:{&quot;unit&quot;:&quot;px&quot;,&quot;size&quot;:&quot;&quot;,&quot;sizes&quot;:[]},&quot;_transform_translateX_effect_mobile&quot;:{&quot;unit&quot;:&quot;px&quot;,&quot;size&quot;:&quot;&quot;,&quot;sizes&quot;:[]},&quot;_transform_translateY_effect_tablet&quot;:{&quot;unit&quot;:&quot;px&quot;,&quot;size&quot;:&quot;&quot;,&quot;sizes&quot;:[]},&quot;_transform_translateY_effect_mobile&quot;:{&quot;unit&quot;:&quot;px&quot;,&quot;size&quot;:&quot;&quot;,&quot;sizes&quot;:[]}}\" data-widget_type=\"heading.default\">\n\t\t\t\t\t<div class=\"elementor-heading-title elementor-size-default\">Our team<\/div>\t\t\t\t<\/div>\n\t\t\t\t<\/div>\n\t\t<div class=\"elementor-element elementor-element-972dca1 e-flex e-con-boxed e-con e-parent\" data-id=\"972dca1\" data-element_type=\"container\">\n\t\t\t\t\t<div class=\"e-con-inner\">\n\t\t<div class=\"elementor-element elementor-element-083ee37 e-con-full e-flex e-con e-child\" data-id=\"083ee37\" data-element_type=\"container\" data-settings=\"{&quot;background_background&quot;:&quot;classic&quot;}\">\n\t\t\t\t<\/div>\n\t\t<div class=\"elementor-element elementor-element-0881b92 e-con-full e-flex e-con e-child\" data-id=\"0881b92\" data-element_type=\"container\" data-settings=\"{&quot;background_background&quot;:&quot;classic&quot;}\">\n\t\t<div class=\"elementor-element elementor-element-c535bc4 e-con-full e-flex e-con e-child\" data-id=\"c535bc4\" data-element_type=\"container\">\n\t\t\t\t<div class=\"elementor-element elementor-element-5176822 elementor-widget elementor-widget-text-editor\" data-id=\"5176822\" data-element_type=\"widget\" data-widget_type=\"text-editor.default\">\n\t\t\t\t\t\t\t\t\t<div class=\"team-box\"><h3>Contributors:<\/h3><p>Mario, Broz, Nina, Alen, Tome, Martina, Ivica, Cindre\u2026ve\u0107ina ekipa su pripadnici Gorske slu\u017ebe spa\u0161avanja<\/p><\/div><div class=\"team-box\"><h3>Ivan drugi<\/h3><\/div><div class=\"team-box\"><p>Mladi, tih de\u010dko, pripravnik, voli pivu i sve \u0161to mladi vole<\/p><\/div><div class=\"team-box\"><h3>Eni<\/h3><\/div><div class=\"team-box\"><p>Taj se ne gasi, pri\u010dati mo\u017ee satima, testni pilot za na\u0161e ludorije na visinama<\/p><\/div>\t\t\t\t\t\t\t\t<\/div>\n\t\t\t\t<\/div>\n\t\t<div class=\"elementor-element elementor-element-70bf0b8 e-con-full e-flex e-con e-child\" data-id=\"70bf0b8\" data-element_type=\"container\">\n\t\t\t\t<div class=\"elementor-element elementor-element-9066285 elementor-widget elementor-widget-text-editor\" data-id=\"9066285\" data-element_type=\"widget\" data-widget_type=\"text-editor.default\">\n\t\t\t\t\t\t\t\t\t<div class=\"team-box\"><h3>Goran<\/h3><p>Uff, dobio \u0161e\u0107er zbog ovih gore \ud83d\ude42<\/p><\/div><div class=\"team-box\"><h3>Ivan<\/h3><\/div><div class=\"team-box\"><p>Obo\u017eava tetova\u017ee, voli pokazivati bicepse i nositi sun\u010dane nao\u010dale, ekspert za kajak safari<\/p><\/div><div class=\"team-box\"><h3>Matija<\/h3><\/div><div class=\"team-box\"><p>Voditelj centra, tata mata za sve, \u0161to ne zna to nau\u010di, nekakvu \u010dudnu temperaturu tijela ima, pa mu se noge brzo su\u0161e, quadove zna u du\u0161u.<\/p><\/div>\t\t\t\t\t\t\t\t<\/div>\n\t\t\t\t<\/div>\n\t\t\t\t<\/div>\n\t\t\t\t\t<\/div>\n\t\t\t\t<\/div>\n\t\t\t\t<\/div>\n\t\t","protected":false},"excerpt":{"rendered":"<p>About us The tourist agency Adria Velebitica, based in Rizvanu\u0161a near Gospi\u0107 (Velebit Nature Park), has designed for you attractive adrenaline and adventure programs that you can experience in the beautiful areas of Velebit and Lika and in our\u00a0Adventure and Excursion Center Rizvan City.. Our offer is based on\u00a0team building and incentive programs for companies.With [&hellip;]<\/p>\n","protected":false},"author":1,"featured_media":308,"parent":0,"menu_order":0,"comment_status":"closed","ping_status":"closed","template":"","meta":{"_acf_changed":false,"footnotes":""},"class_list":["post-1160","page","type-page","status-publish","has-post-thumbnail","hentry"],"acf":[],"yoast_head":"<!-- This site is optimized with the Yoast SEO plugin v26.4 - https:\/\/yoast.com\/wordpress\/plugins\/seo\/ -->\n<title>About us - Adria Velebitica<\/title>\n<meta name=\"description\" content=\"We can offer you a unique combination of programs at sea and in the mountains. Our location allows us to do that!\" \/>\n<meta name=\"robots\" content=\"index, follow, max-snippet:-1, max-image-preview:large, max-video-preview:-1\" \/>\n<link rel=\"canonical\" href=\"https:\/\/adria-velebitica.hr\/en\/about-us\/\" \/>\n<meta property=\"og:locale\" content=\"hr_HR\" \/>\n<meta property=\"og:type\" content=\"article\" \/>\n<meta property=\"og:title\" content=\"About us - Adria Velebitica\" \/>\n<meta property=\"og:description\" content=\"We can offer you a unique combination of programs at sea and in the mountains. Our location allows us to do that!\" \/>\n<meta property=\"og:url\" content=\"https:\/\/adria-velebitica.hr\/en\/about-us\/\" \/>\n<meta property=\"og:site_name\" content=\"Adria Velebitica\" \/>\n<meta property=\"article:modified_time\" content=\"2024-12-15T11:36:15+00:00\" \/>\n<meta property=\"og:image\" content=\"https:\/\/adria-velebitica.hr\/en\/wp-content\/uploads\/2024\/11\/img_4722.webp\" \/>\n\t<meta property=\"og:image:width\" content=\"1200\" \/>\n\t<meta property=\"og:image:height\" content=\"800\" \/>\n\t<meta property=\"og:image:type\" content=\"image\/webp\" \/>\n<meta name=\"twitter:card\" content=\"summary_large_image\" \/>\n<meta name=\"twitter:label1\" content=\"Procijenjeno vrijeme \u010ditanja\" \/>\n\t<meta name=\"twitter:data1\" content=\"3 minute\" \/>\n<script type=\"application\/ld+json\" class=\"yoast-schema-graph\">{\"@context\":\"https:\/\/schema.org\",\"@graph\":[{\"@type\":\"WebPage\",\"@id\":\"https:\/\/adria-velebitica.hr\/en\/about-us\/\",\"url\":\"https:\/\/adria-velebitica.hr\/en\/about-us\/\",\"name\":\"About us - Adria Velebitica\",\"isPartOf\":{\"@id\":\"https:\/\/adria-velebitica.hr\/en\/#website\"},\"primaryImageOfPage\":{\"@id\":\"https:\/\/adria-velebitica.hr\/en\/about-us\/#primaryimage\"},\"image\":{\"@id\":\"https:\/\/adria-velebitica.hr\/en\/about-us\/#primaryimage\"},\"thumbnailUrl\":\"https:\/\/adria-velebitica.hr\/en\/wp-content\/uploads\/2024\/11\/img_4722.webp\",\"datePublished\":\"2024-11-28T17:12:57+00:00\",\"dateModified\":\"2024-12-15T11:36:15+00:00\",\"description\":\"We can offer you a unique combination of programs at sea and in the mountains. Our location allows us to do that!\",\"breadcrumb\":{\"@id\":\"https:\/\/adria-velebitica.hr\/en\/about-us\/#breadcrumb\"},\"inLanguage\":\"hr\",\"potentialAction\":[{\"@type\":\"ReadAction\",\"target\":[\"https:\/\/adria-velebitica.hr\/en\/about-us\/\"]}]},{\"@type\":\"ImageObject\",\"inLanguage\":\"hr\",\"@id\":\"https:\/\/adria-velebitica.hr\/en\/about-us\/#primaryimage\",\"url\":\"https:\/\/adria-velebitica.hr\/en\/wp-content\/uploads\/2024\/11\/img_4722.webp\",\"contentUrl\":\"https:\/\/adria-velebitica.hr\/en\/wp-content\/uploads\/2024\/11\/img_4722.webp\",\"width\":1200,\"height\":800,\"caption\":\"Smje\u0161taj Rizvan City\"},{\"@type\":\"BreadcrumbList\",\"@id\":\"https:\/\/adria-velebitica.hr\/en\/about-us\/#breadcrumb\",\"itemListElement\":[{\"@type\":\"ListItem\",\"position\":1,\"name\":\"Po\u010detna stranica\",\"item\":\"https:\/\/adria-velebitica.hr\/en\/\"},{\"@type\":\"ListItem\",\"position\":2,\"name\":\"About us\"}]},{\"@type\":\"WebSite\",\"@id\":\"https:\/\/adria-velebitica.hr\/en\/#website\",\"url\":\"https:\/\/adria-velebitica.hr\/en\/\",\"name\":\"Adria Velebitica\",\"description\":\"Turisti\u010dka agencija Adria Velebitica\",\"publisher\":{\"@id\":\"https:\/\/adria-velebitica.hr\/en\/#organization\"},\"potentialAction\":[{\"@type\":\"SearchAction\",\"target\":{\"@type\":\"EntryPoint\",\"urlTemplate\":\"https:\/\/adria-velebitica.hr\/en\/?s={search_term_string}\"},\"query-input\":{\"@type\":\"PropertyValueSpecification\",\"valueRequired\":true,\"valueName\":\"search_term_string\"}}],\"inLanguage\":\"hr\"},{\"@type\":\"Organization\",\"@id\":\"https:\/\/adria-velebitica.hr\/en\/#organization\",\"name\":\"Adria Velebitica\",\"url\":\"https:\/\/adria-velebitica.hr\/en\/\",\"logo\":{\"@type\":\"ImageObject\",\"inLanguage\":\"hr\",\"@id\":\"https:\/\/adria-velebitica.hr\/en\/#\/schema\/logo\/image\/\",\"url\":\"https:\/\/adria-velebitica.hr\/en\/wp-content\/uploads\/2024\/11\/logo.png\",\"contentUrl\":\"https:\/\/adria-velebitica.hr\/en\/wp-content\/uploads\/2024\/11\/logo.png\",\"width\":171,\"height\":66,\"caption\":\"Adria Velebitica\"},\"image\":{\"@id\":\"https:\/\/adria-velebitica.hr\/en\/#\/schema\/logo\/image\/\"}}]}<\/script>\n<!-- \/ Yoast SEO plugin. -->","yoast_head_json":{"title":"About us - Adria Velebitica","description":"We can offer you a unique combination of programs at sea and in the mountains. Our location allows us to do that!","robots":{"index":"index","follow":"follow","max-snippet":"max-snippet:-1","max-image-preview":"max-image-preview:large","max-video-preview":"max-video-preview:-1"},"canonical":"https:\/\/adria-velebitica.hr\/en\/about-us\/","og_locale":"hr_HR","og_type":"article","og_title":"About us - Adria Velebitica","og_description":"We can offer you a unique combination of programs at sea and in the mountains. Our location allows us to do that!","og_url":"https:\/\/adria-velebitica.hr\/en\/about-us\/","og_site_name":"Adria Velebitica","article_modified_time":"2024-12-15T11:36:15+00:00","og_image":[{"width":1200,"height":800,"url":"https:\/\/adria-velebitica.hr\/en\/wp-content\/uploads\/2024\/11\/img_4722.webp","type":"image\/webp"}],"twitter_card":"summary_large_image","twitter_misc":{"Procijenjeno vrijeme \u010ditanja":"3 minute"},"schema":{"@context":"https:\/\/schema.org","@graph":[{"@type":"WebPage","@id":"https:\/\/adria-velebitica.hr\/en\/about-us\/","url":"https:\/\/adria-velebitica.hr\/en\/about-us\/","name":"About us - Adria Velebitica","isPartOf":{"@id":"https:\/\/adria-velebitica.hr\/en\/#website"},"primaryImageOfPage":{"@id":"https:\/\/adria-velebitica.hr\/en\/about-us\/#primaryimage"},"image":{"@id":"https:\/\/adria-velebitica.hr\/en\/about-us\/#primaryimage"},"thumbnailUrl":"https:\/\/adria-velebitica.hr\/en\/wp-content\/uploads\/2024\/11\/img_4722.webp","datePublished":"2024-11-28T17:12:57+00:00","dateModified":"2024-12-15T11:36:15+00:00","description":"We can offer you a unique combination of programs at sea and in the mountains. Our location allows us to do that!","breadcrumb":{"@id":"https:\/\/adria-velebitica.hr\/en\/about-us\/#breadcrumb"},"inLanguage":"hr","potentialAction":[{"@type":"ReadAction","target":["https:\/\/adria-velebitica.hr\/en\/about-us\/"]}]},{"@type":"ImageObject","inLanguage":"hr","@id":"https:\/\/adria-velebitica.hr\/en\/about-us\/#primaryimage","url":"https:\/\/adria-velebitica.hr\/en\/wp-content\/uploads\/2024\/11\/img_4722.webp","contentUrl":"https:\/\/adria-velebitica.hr\/en\/wp-content\/uploads\/2024\/11\/img_4722.webp","width":1200,"height":800,"caption":"Smje\u0161taj Rizvan City"},{"@type":"BreadcrumbList","@id":"https:\/\/adria-velebitica.hr\/en\/about-us\/#breadcrumb","itemListElement":[{"@type":"ListItem","position":1,"name":"Po\u010detna stranica","item":"https:\/\/adria-velebitica.hr\/en\/"},{"@type":"ListItem","position":2,"name":"About us"}]},{"@type":"WebSite","@id":"https:\/\/adria-velebitica.hr\/en\/#website","url":"https:\/\/adria-velebitica.hr\/en\/","name":"Adria Velebitica","description":"Turisti\u010dka agencija Adria Velebitica","publisher":{"@id":"https:\/\/adria-velebitica.hr\/en\/#organization"},"potentialAction":[{"@type":"SearchAction","target":{"@type":"EntryPoint","urlTemplate":"https:\/\/adria-velebitica.hr\/en\/?s={search_term_string}"},"query-input":{"@type":"PropertyValueSpecification","valueRequired":true,"valueName":"search_term_string"}}],"inLanguage":"hr"},{"@type":"Organization","@id":"https:\/\/adria-velebitica.hr\/en\/#organization","name":"Adria Velebitica","url":"https:\/\/adria-velebitica.hr\/en\/","logo":{"@type":"ImageObject","inLanguage":"hr","@id":"https:\/\/adria-velebitica.hr\/en\/#\/schema\/logo\/image\/","url":"https:\/\/adria-velebitica.hr\/en\/wp-content\/uploads\/2024\/11\/logo.png","contentUrl":"https:\/\/adria-velebitica.hr\/en\/wp-content\/uploads\/2024\/11\/logo.png","width":171,"height":66,"caption":"Adria Velebitica"},"image":{"@id":"https:\/\/adria-velebitica.hr\/en\/#\/schema\/logo\/image\/"}}]}},"_links":{"self":[{"href":"https:\/\/adria-velebitica.hr\/en\/wp-json\/wp\/v2\/pages\/1160","targetHints":{"allow":["GET"]}}],"collection":[{"href":"https:\/\/adria-velebitica.hr\/en\/wp-json\/wp\/v2\/pages"}],"about":[{"href":"https:\/\/adria-velebitica.hr\/en\/wp-json\/wp\/v2\/types\/page"}],"author":[{"embeddable":true,"href":"https:\/\/adria-velebitica.hr\/en\/wp-json\/wp\/v2\/users\/1"}],"replies":[{"embeddable":true,"href":"https:\/\/adria-velebitica.hr\/en\/wp-json\/wp\/v2\/comments?post=1160"}],"version-history":[{"count":0,"href":"https:\/\/adria-velebitica.hr\/en\/wp-json\/wp\/v2\/pages\/1160\/revisions"}],"wp:featuredmedia":[{"embeddable":true,"href":"https:\/\/adria-velebitica.hr\/en\/wp-json\/wp\/v2\/media\/308"}],"wp:attachment":[{"href":"https:\/\/adria-velebitica.hr\/en\/wp-json\/wp\/v2\/media?parent=1160"}],"curies":[{"name":"wp","href":"https:\/\/api.w.org\/{rel}","templated":true}]}}