{"id":533,"date":"2024-11-21T20:38:44","date_gmt":"2024-11-21T20:38:44","guid":{"rendered":"https:\/\/adria-velebitica.hr\/en\/?page_id=533"},"modified":"2024-12-06T10:35:53","modified_gmt":"2024-12-06T10:35:53","slug":"ponuda","status":"publish","type":"page","link":"https:\/\/adria-velebitica.hr\/en\/ponuda\/","title":{"rendered":"Ponuda"},"content":{"rendered":"\t\t<div data-elementor-type=\"wp-page\" data-elementor-id=\"533\" class=\"elementor elementor-533\" data-elementor-post-type=\"page\">\n\t\t\t\t<div class=\"elementor-element elementor-element-43276920 e-con-full e-flex e-con e-parent\" data-id=\"43276920\" data-element_type=\"container\">\n\t\t\t\t<div class=\"elementor-element elementor-element-6f2aa76 elementor-widget elementor-widget-heading\" data-id=\"6f2aa76\" data-element_type=\"widget\" data-widget_type=\"heading.default\">\n\t\t\t\t\t<h2 class=\"elementor-heading-title elementor-size-default\">Ponuda<\/h2>\t\t\t\t<\/div>\n\t\t\t\t<div class=\"elementor-element elementor-element-53a5f3f4 scroll-text e-transform elementor-absolute elementor-hidden-tablet elementor-hidden-mobile elementor-invisible elementor-widget elementor-widget-heading\" data-id=\"53a5f3f4\" data-element_type=\"widget\" data-settings=\"{&quot;motion_fx_motion_fx_scrolling&quot;:&quot;yes&quot;,&quot;motion_fx_translateX_effect&quot;:&quot;yes&quot;,&quot;motion_fx_translateX_speed&quot;:{&quot;unit&quot;:&quot;px&quot;,&quot;size&quot;:10,&quot;sizes&quot;:[]},&quot;_animation&quot;:&quot;fadeIn&quot;,&quot;_transform_translateX_effect&quot;:{&quot;unit&quot;:&quot;px&quot;,&quot;size&quot;:62,&quot;sizes&quot;:[]},&quot;_transform_translateY_effect&quot;:{&quot;unit&quot;:&quot;px&quot;,&quot;size&quot;:0,&quot;sizes&quot;:[]},&quot;_position&quot;:&quot;absolute&quot;,&quot;motion_fx_translateX_direction&quot;:&quot;negative&quot;,&quot;motion_fx_translateX_affectedRange&quot;:{&quot;unit&quot;:&quot;%&quot;,&quot;size&quot;:&quot;&quot;,&quot;sizes&quot;:{&quot;start&quot;:0,&quot;end&quot;:100}},&quot;motion_fx_devices&quot;:[&quot;desktop&quot;,&quot;tablet&quot;,&quot;mobile&quot;],&quot;_transform_translateX_effect_tablet&quot;:{&quot;unit&quot;:&quot;px&quot;,&quot;size&quot;:&quot;&quot;,&quot;sizes&quot;:[]},&quot;_transform_translateX_effect_mobile&quot;:{&quot;unit&quot;:&quot;px&quot;,&quot;size&quot;:&quot;&quot;,&quot;sizes&quot;:[]},&quot;_transform_translateY_effect_tablet&quot;:{&quot;unit&quot;:&quot;px&quot;,&quot;size&quot;:&quot;&quot;,&quot;sizes&quot;:[]},&quot;_transform_translateY_effect_mobile&quot;:{&quot;unit&quot;:&quot;px&quot;,&quot;size&quot;:&quot;&quot;,&quot;sizes&quot;:[]}}\" data-widget_type=\"heading.default\">\n\t\t\t\t\t<div class=\"elementor-heading-title elementor-size-default\">Na\u0161a ponuda<\/div>\t\t\t\t<\/div>\n\t\t\t\t<\/div>\n\t\t<div class=\"elementor-element elementor-element-40bd109d e-flex e-con-boxed e-con e-parent\" data-id=\"40bd109d\" data-element_type=\"container\">\n\t\t\t\t\t<div class=\"e-con-inner\">\n\t\t<div class=\"elementor-element elementor-element-6deab254 e-con-full e-flex elementor-invisible e-con e-child\" data-id=\"6deab254\" data-element_type=\"container\" data-settings=\"{&quot;background_background&quot;:&quot;classic&quot;,&quot;animation&quot;:&quot;fadeIn&quot;}\">\n\t\t<div class=\"elementor-element elementor-element-6bc13cfa e-con-full e-flex e-con e-child\" data-id=\"6bc13cfa\" data-element_type=\"container\" data-settings=\"{&quot;background_background&quot;:&quot;classic&quot;}\">\n\t\t\t\t<div class=\"elementor-element elementor-element-77b6cbc3 elementor-widget elementor-widget-heading\" data-id=\"77b6cbc3\" data-element_type=\"widget\" data-widget_type=\"heading.default\">\n\t\t\t\t\t<h3 class=\"elementor-heading-title elementor-size-default\"><a href=\"\/team-building-programi\/\">Team building programi<\/a><\/h3>\t\t\t\t<\/div>\n\t\t\t\t<div class=\"elementor-element elementor-element-51cb1d62 elementor-widget elementor-widget-button\" data-id=\"51cb1d62\" data-element_type=\"widget\" data-widget_type=\"button.default\">\n\t\t\t\t\t\t\t\t\t\t<a class=\"elementor-button elementor-button-link elementor-size-sm\" href=\"\/team-building-programi\/\">\n\t\t\t\t\t\t<span class=\"elementor-button-content-wrapper\">\n\t\t\t\t\t\t<span class=\"elementor-button-icon\">\n\t\t\t\t<svg aria-hidden=\"true\" class=\"e-font-icon-svg e-fas-long-arrow-alt-right\" viewBox=\"0 0 448 512\" xmlns=\"http:\/\/www.w3.org\/2000\/svg\"><path d=\"M313.941 216H12c-6.627 0-12 5.373-12 12v56c0 6.627 5.373 12 12 12h301.941v46.059c0 21.382 25.851 32.09 40.971 16.971l86.059-86.059c9.373-9.373 9.373-24.569 0-33.941l-86.059-86.059c-15.119-15.119-40.971-4.411-40.971 16.971V216z\"><\/path><\/svg>\t\t\t<\/span>\n\t\t\t\t\t\t\t\t\t<span class=\"elementor-button-text\">Saznajte vi\u0161e<\/span>\n\t\t\t\t\t<\/span>\n\t\t\t\t\t<\/a>\n\t\t\t\t\t\t\t\t<\/div>\n\t\t\t\t<\/div>\n\t\t\t\t<\/div>\n\t\t<div class=\"elementor-element elementor-element-5a8d5e34 e-con-full e-flex elementor-invisible e-con e-child\" data-id=\"5a8d5e34\" data-element_type=\"container\" data-settings=\"{&quot;background_background&quot;:&quot;classic&quot;,&quot;animation&quot;:&quot;fadeIn&quot;}\">\n\t\t<div class=\"elementor-element elementor-element-7566d144 e-con-full e-flex e-con e-child\" data-id=\"7566d144\" data-element_type=\"container\" data-settings=\"{&quot;background_background&quot;:&quot;classic&quot;}\">\n\t\t\t\t<div class=\"elementor-element elementor-element-42c2ff37 elementor-widget elementor-widget-heading\" data-id=\"42c2ff37\" data-element_type=\"widget\" data-widget_type=\"heading.default\">\n\t\t\t\t\t<h3 class=\"elementor-heading-title elementor-size-default\"><a href=\"\/programi-za-skole\/\">Programi za \u0161kole<\/a><\/h3>\t\t\t\t<\/div>\n\t\t\t\t<div class=\"elementor-element elementor-element-7f0520a0 elementor-widget elementor-widget-button\" data-id=\"7f0520a0\" data-element_type=\"widget\" data-widget_type=\"button.default\">\n\t\t\t\t\t\t\t\t\t\t<a class=\"elementor-button elementor-button-link elementor-size-sm\" href=\"\/programi-za-skole\/\">\n\t\t\t\t\t\t<span class=\"elementor-button-content-wrapper\">\n\t\t\t\t\t\t<span class=\"elementor-button-icon\">\n\t\t\t\t<svg aria-hidden=\"true\" class=\"e-font-icon-svg e-fas-long-arrow-alt-right\" viewBox=\"0 0 448 512\" xmlns=\"http:\/\/www.w3.org\/2000\/svg\"><path d=\"M313.941 216H12c-6.627 0-12 5.373-12 12v56c0 6.627 5.373 12 12 12h301.941v46.059c0 21.382 25.851 32.09 40.971 16.971l86.059-86.059c9.373-9.373 9.373-24.569 0-33.941l-86.059-86.059c-15.119-15.119-40.971-4.411-40.971 16.971V216z\"><\/path><\/svg>\t\t\t<\/span>\n\t\t\t\t\t\t\t\t\t<span class=\"elementor-button-text\">Saznajte vi\u0161e<\/span>\n\t\t\t\t\t<\/span>\n\t\t\t\t\t<\/a>\n\t\t\t\t\t\t\t\t<\/div>\n\t\t\t\t<\/div>\n\t\t\t\t<\/div>\n\t\t<div class=\"elementor-element elementor-element-27933d1d e-con-full e-flex elementor-invisible e-con e-child\" data-id=\"27933d1d\" data-element_type=\"container\" id=\"prvi\" data-settings=\"{&quot;background_background&quot;:&quot;classic&quot;,&quot;animation&quot;:&quot;fadeIn&quot;}\">\n\t\t<div class=\"elementor-element elementor-element-15c6b5ac e-con-full e-flex e-con e-child\" data-id=\"15c6b5ac\" data-element_type=\"container\" data-settings=\"{&quot;background_background&quot;:&quot;classic&quot;}\">\n\t\t\t\t<div class=\"elementor-element elementor-element-88c7fae elementor-widget elementor-widget-heading\" data-id=\"88c7fae\" data-element_type=\"widget\" data-widget_type=\"heading.default\">\n\t\t\t\t\t<h3 class=\"elementor-heading-title elementor-size-default\"><a href=\"\/ponuda-za-individualce-i-manje-grupe\/\">Ponuda za individualce i manje grupe<\/a><\/h3>\t\t\t\t<\/div>\n\t\t\t\t<div class=\"elementor-element elementor-element-719370ca elementor-widget elementor-widget-button\" data-id=\"719370ca\" data-element_type=\"widget\" data-widget_type=\"button.default\">\n\t\t\t\t\t\t\t\t\t\t<a class=\"elementor-button elementor-button-link elementor-size-sm\" href=\"\/ponuda-za-individualce-i-manje-grupe\/\">\n\t\t\t\t\t\t<span class=\"elementor-button-content-wrapper\">\n\t\t\t\t\t\t<span class=\"elementor-button-icon\">\n\t\t\t\t<svg aria-hidden=\"true\" class=\"e-font-icon-svg e-fas-long-arrow-alt-right\" viewBox=\"0 0 448 512\" xmlns=\"http:\/\/www.w3.org\/2000\/svg\"><path d=\"M313.941 216H12c-6.627 0-12 5.373-12 12v56c0 6.627 5.373 12 12 12h301.941v46.059c0 21.382 25.851 32.09 40.971 16.971l86.059-86.059c9.373-9.373 9.373-24.569 0-33.941l-86.059-86.059c-15.119-15.119-40.971-4.411-40.971 16.971V216z\"><\/path><\/svg>\t\t\t<\/span>\n\t\t\t\t\t\t\t\t\t<span class=\"elementor-button-text\">Saznajte vi\u0161e<\/span>\n\t\t\t\t\t<\/span>\n\t\t\t\t\t<\/a>\n\t\t\t\t\t\t\t\t<\/div>\n\t\t\t\t<\/div>\n\t\t\t\t<\/div>\n\t\t<div class=\"elementor-element elementor-element-3dc04d84 e-con-full e-flex elementor-invisible e-con e-child\" data-id=\"3dc04d84\" data-element_type=\"container\" data-settings=\"{&quot;background_background&quot;:&quot;classic&quot;,&quot;animation&quot;:&quot;fadeIn&quot;}\">\n\t\t<div class=\"elementor-element elementor-element-64c1c124 e-con-full e-flex e-con e-child\" data-id=\"64c1c124\" data-element_type=\"container\" data-settings=\"{&quot;background_background&quot;:&quot;classic&quot;}\">\n\t\t\t\t<div class=\"elementor-element elementor-element-4957609 elementor-widget elementor-widget-heading\" data-id=\"4957609\" data-element_type=\"widget\" data-widget_type=\"heading.default\">\n\t\t\t\t\t<h3 class=\"elementor-heading-title elementor-size-default\"><a href=\"\/visednevni-programi\/\">Vi\u0161ednevni programi<\/a><\/h3>\t\t\t\t<\/div>\n\t\t\t\t<div class=\"elementor-element elementor-element-18a725ab elementor-widget elementor-widget-button\" data-id=\"18a725ab\" data-element_type=\"widget\" data-widget_type=\"button.default\">\n\t\t\t\t\t\t\t\t\t\t<a class=\"elementor-button elementor-button-link elementor-size-sm\" href=\"\/visednevni-programi\/\">\n\t\t\t\t\t\t<span class=\"elementor-button-content-wrapper\">\n\t\t\t\t\t\t<span class=\"elementor-button-icon\">\n\t\t\t\t<svg aria-hidden=\"true\" class=\"e-font-icon-svg e-fas-long-arrow-alt-right\" viewBox=\"0 0 448 512\" xmlns=\"http:\/\/www.w3.org\/2000\/svg\"><path d=\"M313.941 216H12c-6.627 0-12 5.373-12 12v56c0 6.627 5.373 12 12 12h301.941v46.059c0 21.382 25.851 32.09 40.971 16.971l86.059-86.059c9.373-9.373 9.373-24.569 0-33.941l-86.059-86.059c-15.119-15.119-40.971-4.411-40.971 16.971V216z\"><\/path><\/svg>\t\t\t<\/span>\n\t\t\t\t\t\t\t\t\t<span class=\"elementor-button-text\">Saznajte vi\u0161e<\/span>\n\t\t\t\t\t<\/span>\n\t\t\t\t\t<\/a>\n\t\t\t\t\t\t\t\t<\/div>\n\t\t\t\t<\/div>\n\t\t\t\t<\/div>\n\t\t\t\t\t<\/div>\n\t\t\t\t<\/div>\n\t\t\t\t<\/div>\n\t\t","protected":false},"excerpt":{"rendered":"<p>Ponuda Na\u0161a ponuda Team building programi Saznajte vi\u0161e Programi za \u0161kole Saznajte vi\u0161e Ponuda za individualce i manje grupe Saznajte vi\u0161e Vi\u0161ednevni programi Saznajte vi\u0161e<\/p>\n","protected":false},"author":1,"featured_media":0,"parent":0,"menu_order":0,"comment_status":"closed","ping_status":"closed","template":"","meta":{"_acf_changed":false,"footnotes":""},"class_list":["post-533","page","type-page","status-publish","hentry"],"acf":[],"yoast_head":"<!-- This site is optimized with the Yoast SEO plugin v26.4 - https:\/\/yoast.com\/wordpress\/plugins\/seo\/ -->\n<title>Ponuda - Adria Velebitica<\/title>\n<meta name=\"description\" content=\"Team building programi, Programi za \u0161kole, Ponuda za individualce i manje grupe, Vi\u0161ednevni programi - Rizvan City...\" \/>\n<meta name=\"robots\" content=\"index, follow, max-snippet:-1, max-image-preview:large, max-video-preview:-1\" \/>\n<link rel=\"canonical\" href=\"https:\/\/adria-velebitica.hr\/en\/ponuda\/\" \/>\n<meta property=\"og:locale\" content=\"hr_HR\" \/>\n<meta property=\"og:type\" content=\"article\" \/>\n<meta property=\"og:title\" content=\"Ponuda - Adria Velebitica\" \/>\n<meta property=\"og:description\" content=\"Team building programi, Programi za \u0161kole, Ponuda za individualce i manje grupe, Vi\u0161ednevni programi - Rizvan City...\" \/>\n<meta property=\"og:url\" content=\"https:\/\/adria-velebitica.hr\/en\/ponuda\/\" \/>\n<meta property=\"og:site_name\" content=\"Adria Velebitica\" \/>\n<meta property=\"article:modified_time\" content=\"2024-12-06T10:35:53+00:00\" \/>\n<meta name=\"twitter:card\" content=\"summary_large_image\" \/>\n<meta name=\"twitter:label1\" content=\"Procijenjeno vrijeme \u010ditanja\" \/>\n\t<meta name=\"twitter:data1\" content=\"1 minuta\" \/>\n<script type=\"application\/ld+json\" class=\"yoast-schema-graph\">{\"@context\":\"https:\/\/schema.org\",\"@graph\":[{\"@type\":\"WebPage\",\"@id\":\"https:\/\/adria-velebitica.hr\/en\/ponuda\/\",\"url\":\"https:\/\/adria-velebitica.hr\/en\/ponuda\/\",\"name\":\"Ponuda - Adria Velebitica\",\"isPartOf\":{\"@id\":\"https:\/\/adria-velebitica.hr\/en\/#website\"},\"datePublished\":\"2024-11-21T20:38:44+00:00\",\"dateModified\":\"2024-12-06T10:35:53+00:00\",\"description\":\"Team building programi, Programi za \u0161kole, Ponuda za individualce i manje grupe, Vi\u0161ednevni programi - Rizvan City...\",\"breadcrumb\":{\"@id\":\"https:\/\/adria-velebitica.hr\/en\/ponuda\/#breadcrumb\"},\"inLanguage\":\"hr\",\"potentialAction\":[{\"@type\":\"ReadAction\",\"target\":[\"https:\/\/adria-velebitica.hr\/en\/ponuda\/\"]}]},{\"@type\":\"BreadcrumbList\",\"@id\":\"https:\/\/adria-velebitica.hr\/en\/ponuda\/#breadcrumb\",\"itemListElement\":[{\"@type\":\"ListItem\",\"position\":1,\"name\":\"Po\u010detna stranica\",\"item\":\"https:\/\/adria-velebitica.hr\/en\/\"},{\"@type\":\"ListItem\",\"position\":2,\"name\":\"Ponuda\"}]},{\"@type\":\"WebSite\",\"@id\":\"https:\/\/adria-velebitica.hr\/en\/#website\",\"url\":\"https:\/\/adria-velebitica.hr\/en\/\",\"name\":\"Adria Velebitica\",\"description\":\"Turisti\u010dka agencija Adria Velebitica\",\"publisher\":{\"@id\":\"https:\/\/adria-velebitica.hr\/en\/#organization\"},\"potentialAction\":[{\"@type\":\"SearchAction\",\"target\":{\"@type\":\"EntryPoint\",\"urlTemplate\":\"https:\/\/adria-velebitica.hr\/en\/?s={search_term_string}\"},\"query-input\":{\"@type\":\"PropertyValueSpecification\",\"valueRequired\":true,\"valueName\":\"search_term_string\"}}],\"inLanguage\":\"hr\"},{\"@type\":\"Organization\",\"@id\":\"https:\/\/adria-velebitica.hr\/en\/#organization\",\"name\":\"Adria Velebitica\",\"url\":\"https:\/\/adria-velebitica.hr\/en\/\",\"logo\":{\"@type\":\"ImageObject\",\"inLanguage\":\"hr\",\"@id\":\"https:\/\/adria-velebitica.hr\/en\/#\/schema\/logo\/image\/\",\"url\":\"https:\/\/adria-velebitica.hr\/en\/wp-content\/uploads\/2024\/11\/logo.png\",\"contentUrl\":\"https:\/\/adria-velebitica.hr\/en\/wp-content\/uploads\/2024\/11\/logo.png\",\"width\":171,\"height\":66,\"caption\":\"Adria Velebitica\"},\"image\":{\"@id\":\"https:\/\/adria-velebitica.hr\/en\/#\/schema\/logo\/image\/\"}}]}<\/script>\n<!-- \/ Yoast SEO plugin. -->","yoast_head_json":{"title":"Ponuda - Adria Velebitica","description":"Team building programi, Programi za \u0161kole, Ponuda za individualce i manje grupe, Vi\u0161ednevni programi - Rizvan City...","robots":{"index":"index","follow":"follow","max-snippet":"max-snippet:-1","max-image-preview":"max-image-preview:large","max-video-preview":"max-video-preview:-1"},"canonical":"https:\/\/adria-velebitica.hr\/en\/ponuda\/","og_locale":"hr_HR","og_type":"article","og_title":"Ponuda - Adria Velebitica","og_description":"Team building programi, Programi za \u0161kole, Ponuda za individualce i manje grupe, Vi\u0161ednevni programi - Rizvan City...","og_url":"https:\/\/adria-velebitica.hr\/en\/ponuda\/","og_site_name":"Adria Velebitica","article_modified_time":"2024-12-06T10:35:53+00:00","twitter_card":"summary_large_image","twitter_misc":{"Procijenjeno vrijeme \u010ditanja":"1 minuta"},"schema":{"@context":"https:\/\/schema.org","@graph":[{"@type":"WebPage","@id":"https:\/\/adria-velebitica.hr\/en\/ponuda\/","url":"https:\/\/adria-velebitica.hr\/en\/ponuda\/","name":"Ponuda - Adria Velebitica","isPartOf":{"@id":"https:\/\/adria-velebitica.hr\/en\/#website"},"datePublished":"2024-11-21T20:38:44+00:00","dateModified":"2024-12-06T10:35:53+00:00","description":"Team building programi, Programi za \u0161kole, Ponuda za individualce i manje grupe, Vi\u0161ednevni programi - Rizvan City...","breadcrumb":{"@id":"https:\/\/adria-velebitica.hr\/en\/ponuda\/#breadcrumb"},"inLanguage":"hr","potentialAction":[{"@type":"ReadAction","target":["https:\/\/adria-velebitica.hr\/en\/ponuda\/"]}]},{"@type":"BreadcrumbList","@id":"https:\/\/adria-velebitica.hr\/en\/ponuda\/#breadcrumb","itemListElement":[{"@type":"ListItem","position":1,"name":"Po\u010detna stranica","item":"https:\/\/adria-velebitica.hr\/en\/"},{"@type":"ListItem","position":2,"name":"Ponuda"}]},{"@type":"WebSite","@id":"https:\/\/adria-velebitica.hr\/en\/#website","url":"https:\/\/adria-velebitica.hr\/en\/","name":"Adria Velebitica","description":"Turisti\u010dka agencija Adria Velebitica","publisher":{"@id":"https:\/\/adria-velebitica.hr\/en\/#organization"},"potentialAction":[{"@type":"SearchAction","target":{"@type":"EntryPoint","urlTemplate":"https:\/\/adria-velebitica.hr\/en\/?s={search_term_string}"},"query-input":{"@type":"PropertyValueSpecification","valueRequired":true,"valueName":"search_term_string"}}],"inLanguage":"hr"},{"@type":"Organization","@id":"https:\/\/adria-velebitica.hr\/en\/#organization","name":"Adria Velebitica","url":"https:\/\/adria-velebitica.hr\/en\/","logo":{"@type":"ImageObject","inLanguage":"hr","@id":"https:\/\/adria-velebitica.hr\/en\/#\/schema\/logo\/image\/","url":"https:\/\/adria-velebitica.hr\/en\/wp-content\/uploads\/2024\/11\/logo.png","contentUrl":"https:\/\/adria-velebitica.hr\/en\/wp-content\/uploads\/2024\/11\/logo.png","width":171,"height":66,"caption":"Adria Velebitica"},"image":{"@id":"https:\/\/adria-velebitica.hr\/en\/#\/schema\/logo\/image\/"}}]}},"_links":{"self":[{"href":"https:\/\/adria-velebitica.hr\/en\/wp-json\/wp\/v2\/pages\/533","targetHints":{"allow":["GET"]}}],"collection":[{"href":"https:\/\/adria-velebitica.hr\/en\/wp-json\/wp\/v2\/pages"}],"about":[{"href":"https:\/\/adria-velebitica.hr\/en\/wp-json\/wp\/v2\/types\/page"}],"author":[{"embeddable":true,"href":"https:\/\/adria-velebitica.hr\/en\/wp-json\/wp\/v2\/users\/1"}],"replies":[{"embeddable":true,"href":"https:\/\/adria-velebitica.hr\/en\/wp-json\/wp\/v2\/comments?post=533"}],"version-history":[{"count":0,"href":"https:\/\/adria-velebitica.hr\/en\/wp-json\/wp\/v2\/pages\/533\/revisions"}],"wp:attachment":[{"href":"https:\/\/adria-velebitica.hr\/en\/wp-json\/wp\/v2\/media?parent=533"}],"curies":[{"name":"wp","href":"https:\/\/api.w.org\/{rel}","templated":true}]}}